{"id":460,"date":"2023-05-14T00:51:41","date_gmt":"2023-05-13T22:51:41","guid":{"rendered":"https:\/\/www.ssi-po.sk\/?page_id=460"},"modified":"2025-05-05T14:34:58","modified_gmt":"2025-05-05T12:34:58","slug":"home-2","status":"publish","type":"page","link":"https:\/\/www.ssi-po.sk\/","title":{"rendered":"Home"},"content":{"rendered":"\t\t<div data-elementor-type=\"wp-page\" data-elementor-id=\"460\" class=\"elementor elementor-460\">\n\t\t\t\t\t\t\t\t\t<section class=\"elementor-section elementor-top-section elementor-element elementor-element-1cdc325 elementor-section-boxed elementor-section-height-default elementor-section-height-default\" data-id=\"1cdc325\" data-element_type=\"section\">\n\t\t\t\t\t\t<div class=\"elementor-container elementor-column-gap-default\">\n\t\t\t\t\t<div class=\"elementor-column elementor-col-50 elementor-top-column elementor-element elementor-element-0b5f1bf\" data-id=\"0b5f1bf\" data-element_type=\"column\">\n\t\t\t<div class=\"elementor-widget-wrap elementor-element-populated\">\n\t\t\t\t\t\t\t\t<div class=\"elementor-element elementor-element-ffb6617 elementor-widget elementor-widget-heading\" data-id=\"ffb6617\" data-element_type=\"widget\" data-widget_type=\"heading.default\">\n\t\t\t\t<div class=\"elementor-widget-container\">\n\t\t\t<style>\/*! elementor - v3.13.2 - 11-05-2023 *\/\n.elementor-heading-title{padding:0;margin:0;line-height:1}.elementor-widget-heading .elementor-heading-title[class*=elementor-size-]>a{color:inherit;font-size:inherit;line-height:inherit}.elementor-widget-heading .elementor-heading-title.elementor-size-small{font-size:15px}.elementor-widget-heading .elementor-heading-title.elementor-size-medium{font-size:19px}.elementor-widget-heading .elementor-heading-title.elementor-size-large{font-size:29px}.elementor-widget-heading .elementor-heading-title.elementor-size-xl{font-size:39px}.elementor-widget-heading .elementor-heading-title.elementor-size-xxl{font-size:59px}<\/style><h2 class=\"elementor-heading-title elementor-size-default\">S\u00fakromn\u00fd \u0161kolsk\u00fd intern\u00e1t<\/h2>\t\t<\/div>\n\t\t\t\t<\/div>\n\t\t\t\t<div class=\"elementor-element elementor-element-9a480d3 elementor-widget elementor-widget-text-editor\" data-id=\"9a480d3\" data-element_type=\"widget\" data-widget_type=\"text-editor.default\">\n\t\t\t\t<div class=\"elementor-widget-container\">\n\t\t\t<style>\/*! elementor - v3.13.2 - 11-05-2023 *\/\n.elementor-widget-text-editor.elementor-drop-cap-view-stacked .elementor-drop-cap{background-color:#69727d;color:#fff}.elementor-widget-text-editor.elementor-drop-cap-view-framed .elementor-drop-cap{color:#69727d;border:3px solid;background-color:transparent}.elementor-widget-text-editor:not(.elementor-drop-cap-view-default) .elementor-drop-cap{margin-top:8px}.elementor-widget-text-editor:not(.elementor-drop-cap-view-default) .elementor-drop-cap-letter{width:1em;height:1em}.elementor-widget-text-editor .elementor-drop-cap{float:left;text-align:center;line-height:1;font-size:50px}.elementor-widget-text-editor .elementor-drop-cap-letter{display:inline-block}<\/style>\t\t\t\t<p><strong>Na stiahnutie<\/strong><\/p><ul><li>Prihl\u00e1\u0161ka na obedy 2025-2026 &#8211; <a href=\"https:\/\/www.ssi-po.sk\/wp-content\/uploads\/2025\/04\/Prihlaska-obed-2025-2026-1.docx\" target=\"_blank\" rel=\"noopener\"><strong>STIAHN\u00da\u0164<\/strong><\/a><\/li><li>Prihl\u00e1\u0161ka na stravovanie 2025-2026 &#8211; <a href=\"https:\/\/www.ssi-po.sk\/wp-content\/uploads\/2025\/05\/prihl-strava-2025-2026akt.docx\" target=\"_blank\" rel=\"noopener\"><strong>STIAHN\u00da\u0164<\/strong><\/a><\/li><li>\u017diados\u0165 o prijatie do \u0161kolsk\u00e9ho intern\u00e1tu &#8211; <a href=\"https:\/\/www.ssi-po.sk\/wp-content\/uploads\/2025\/05\/ziadost-2025-2026akt.docx\" target=\"_blank\" rel=\"noopener\"><strong>STIAHN\u00da\u0164<\/strong><\/a><\/li><\/ul>\t\t\t\t\t\t<\/div>\n\t\t\t\t<\/div>\n\t\t\t\t\t<\/div>\n\t\t<\/div>\n\t\t\t\t<div class=\"elementor-column elementor-col-50 elementor-top-column elementor-element elementor-element-d141e88\" data-id=\"d141e88\" data-element_type=\"column\">\n\t\t\t<div class=\"elementor-widget-wrap elementor-element-populated\">\n\t\t\t\t\t\t\t\t<div class=\"elementor-element elementor-element-903c248 elementor-widget elementor-widget-heading\" data-id=\"903c248\" data-element_type=\"widget\" data-widget_type=\"heading.default\">\n\t\t\t\t<div class=\"elementor-widget-container\">\n\t\t\t<h2 class=\"elementor-heading-title elementor-size-default\">Penzi\u00f3n<\/h2>\t\t<\/div>\n\t\t\t\t<\/div>\n\t\t\t\t<div class=\"elementor-element elementor-element-64bb39f elementor-widget elementor-widget-text-editor\" data-id=\"64bb39f\" data-element_type=\"widget\" data-widget_type=\"text-editor.default\">\n\t\t\t\t<div class=\"elementor-widget-container\">\n\t\t\t\t\t\t\t<p><strong>Cenn\u00edk<\/strong><\/p><ul><li>izba 4 -poste\u013eov\u00e1 10,00 eur osoba\/ noc<\/li><li>apartm\u00e1n 1 izbov\u00fd 13,00 eur osoba\/noc<\/li><li>2-izbov\u00fd apartm\u00e1n 15,00 eur osoba\/noc<\/li><li>miestna da\u0148 za ubytovanie 2,20 eur osoba\/noc<\/li><\/ul>\t\t\t\t\t\t<\/div>\n\t\t\t\t<\/div>\n\t\t\t\t\t<\/div>\n\t\t<\/div>\n\t\t\t\t\t\t\t<\/div>\n\t\t<\/section>\n\t\t\t\t<section class=\"elementor-section elementor-top-section elementor-element elementor-element-78b4ad8 elementor-section-boxed elementor-section-height-default elementor-section-height-default\" data-id=\"78b4ad8\" data-element_type=\"section\">\n\t\t\t\t\t\t<div class=\"elementor-container elementor-column-gap-default\">\n\t\t\t\t\t<div class=\"elementor-column elementor-col-100 elementor-top-column elementor-element elementor-element-aa16ed9\" data-id=\"aa16ed9\" data-element_type=\"column\">\n\t\t\t<div class=\"elementor-widget-wrap elementor-element-populated\">\n\t\t\t\t\t\t\t\t<div class=\"elementor-element elementor-element-605cd89 elementor-widget elementor-widget-text-editor\" data-id=\"605cd89\" data-element_type=\"widget\" data-widget_type=\"text-editor.default\">\n\t\t\t\t<div class=\"elementor-widget-container\">\n\t\t\t\t\t\t\t<p>Vitajte na ofici\u00e1lnej str\u00e1nke s\u00fakromn\u00e9ho \u0161kolsk\u00e9ho intern\u00e1tu.<\/p>\n<p>\u0160kolsk\u00fd intern\u00e1t je neoddelite\u013enou s\u00fa\u010das\u0165ou v\u00fdchovno-vzdel\u00e1vacieho syst\u00e9mu so svoj\u00edm \u0161pecifick\u00fdm postaven\u00edm, \u00falohami a&nbsp;cie\u013emi.<\/p>\n<p>P\u00f4sobenie pedagogick\u00fdch zamestnancov na \u017eiakov je zameran\u00e9 na roz\u0161irovanie a&nbsp;prehlbovanie \u017eiackych vedomost\u00ed, rozv\u00edjanie z\u00e1ujmov, aktiv\u00edt, rozvoj samostatnosti, usmer\u0148ovanie pri vyu\u017e\u00edvan\u00ed vo\u013en\u00e9ho \u010dasu.<\/p>\n<p>S\u00fakromn\u00fd \u0161kolsk\u00fd intern\u00e1t poskytuje v\u00fdchovno-vzdel\u00e1vaciu starostlivos\u0165, ubytovanie a&nbsp;stravovanie \u017eiakom stredn\u00fdch \u0161k\u00f4l.<\/p>\n<p>Ubytovacia kapacita n\u00e1\u0161ho intern\u00e1tu je 540 miest. \u017diaci maj\u00fa mo\u017enos\u0165 v&nbsp;\u010dase mimo vyu\u010dovania vyu\u017e\u00edva\u0165 12 \u0161tudovn\u00ed, 9 spolo\u010densk\u00fdch miestnost\u00ed, 3 kuchynky, 2 posil\u0148ovne, multifunk\u010dn\u00fa po\u010d\u00edta\u010dov\u00fa miestnos\u0165 s&nbsp;pripojen\u00edm na internet, biliardov\u00fa miestnos\u0165, stolnotenisov\u00fa miestnos\u0165, kni\u017enicu s&nbsp;bohat\u00fdm kni\u017en\u00fdm fondom a&nbsp;\u010dit\u00e1r\u0148ou. K&nbsp;\u0161portov\u00e9mu vy\u017eitiu \u017eiakov sl\u00fa\u017ei aj pri\u013eahl\u00fd are\u00e1l \u0161kolsk\u00e9ho intern\u00e1tu vhodn\u00fd na r\u00f4zne \u0161portov\u00e9 aktivity. S\u00fa\u010das\u0165ou intern\u00e1tu je vlastn\u00e1 \u0161kolsk\u00e1 jed\u00e1le\u0148 s&nbsp;mo\u017enos\u0165ou elektronick\u00e9ho objedn\u00e1vania stravy.<\/p>\t\t\t\t\t\t<\/div>\n\t\t\t\t<\/div>\n\t\t\t\t\t<\/div>\n\t\t<\/div>\n\t\t\t\t\t\t\t<\/div>\n\t\t<\/section>\n\t\t\t\t<section class=\"elementor-section elementor-top-section elementor-element elementor-element-edd0748 elementor-section-boxed elementor-section-height-default elementor-section-height-default\" data-id=\"edd0748\" data-element_type=\"section\">\n\t\t\t\t\t\t<div class=\"elementor-container elementor-column-gap-default\">\n\t\t\t\t\t<div class=\"elementor-column elementor-col-25 elementor-top-column elementor-element elementor-element-6c5d295\" data-id=\"6c5d295\" data-element_type=\"column\">\n\t\t\t<div class=\"elementor-widget-wrap elementor-element-populated\">\n\t\t\t\t\t\t\t\t<div class=\"elementor-element elementor-element-7ee5e52 elementor-widget elementor-widget-image\" data-id=\"7ee5e52\" data-element_type=\"widget\" data-widget_type=\"image.default\">\n\t\t\t\t<div class=\"elementor-widget-container\">\n\t\t\t<style>\/*! elementor - v3.13.2 - 11-05-2023 *\/\n.elementor-widget-image{text-align:center}.elementor-widget-image a{display:inline-block}.elementor-widget-image a img[src$=\".svg\"]{width:48px}.elementor-widget-image img{vertical-align:middle;display:inline-block}<\/style>\t\t\t\t\t\t\t\t\t\t\t\t<img decoding=\"async\" src=\"https:\/\/www.ssi-po.sk\/wp-content\/uploads\/elementor\/thumbs\/internat-scaled-q6faxz99fkkyv6xrw68par4q0crvflgpj4x2h278hw.jpg\" title=\"Internat Sabinovska\" alt=\"Internat Sabinovska\" loading=\"lazy\" \/>\t\t\t\t\t\t\t\t\t\t\t\t\t\t\t<\/div>\n\t\t\t\t<\/div>\n\t\t\t\t\t<\/div>\n\t\t<\/div>\n\t\t\t\t<div class=\"elementor-column elementor-col-25 elementor-top-column elementor-element elementor-element-dcf7959\" data-id=\"dcf7959\" data-element_type=\"column\">\n\t\t\t<div class=\"elementor-widget-wrap elementor-element-populated\">\n\t\t\t\t\t\t\t\t<div class=\"elementor-element elementor-element-d6c7867 elementor-widget elementor-widget-image\" data-id=\"d6c7867\" data-element_type=\"widget\" data-widget_type=\"image.default\">\n\t\t\t\t<div class=\"elementor-widget-container\">\n\t\t\t\t\t\t\t\t\t\t\t\t\t\t\t<img decoding=\"async\" src=\"https:\/\/www.ssi-po.sk\/wp-content\/uploads\/elementor\/thumbs\/IMG_3240-3-scaled-q6faz6hu5y85p96yvoxjhg7xc2ur9o8d12xejsf4jo.jpg\" title=\"Penzion Sabinovska\" alt=\"Penzion Sabinovska\" loading=\"lazy\" \/>\t\t\t\t\t\t\t\t\t\t\t\t\t\t\t<\/div>\n\t\t\t\t<\/div>\n\t\t\t\t\t<\/div>\n\t\t<\/div>\n\t\t\t\t<div class=\"elementor-column elementor-col-25 elementor-top-column elementor-element elementor-element-ddbf6a0\" data-id=\"ddbf6a0\" data-element_type=\"column\">\n\t\t\t<div class=\"elementor-widget-wrap elementor-element-populated\">\n\t\t\t\t\t\t\t\t<div class=\"elementor-element elementor-element-7bcfc8b elementor-widget elementor-widget-image\" data-id=\"7bcfc8b\" data-element_type=\"widget\" data-widget_type=\"image.default\">\n\t\t\t\t<div class=\"elementor-widget-container\">\n\t\t\t\t\t\t\t\t\t\t\t\t\t\t\t<img decoding=\"async\" src=\"https:\/\/www.ssi-po.sk\/wp-content\/uploads\/elementor\/thumbs\/IMG_1196-scaled-q6fa88ge8xc8voc081mk0908afnym19dbpoba8dex0.jpg\" title=\"IMG_1196\" alt=\"IMG_1196\" loading=\"lazy\" \/>\t\t\t\t\t\t\t\t\t\t\t\t\t\t\t<\/div>\n\t\t\t\t<\/div>\n\t\t\t\t\t<\/div>\n\t\t<\/div>\n\t\t\t\t<div class=\"elementor-column elementor-col-25 elementor-top-column elementor-element elementor-element-bae8925\" data-id=\"bae8925\" data-element_type=\"column\">\n\t\t\t<div class=\"elementor-widget-wrap elementor-element-populated\">\n\t\t\t\t\t\t\t\t<div class=\"elementor-element elementor-element-3f3576d elementor-widget elementor-widget-image\" data-id=\"3f3576d\" data-element_type=\"widget\" data-widget_type=\"image.default\">\n\t\t\t\t<div class=\"elementor-widget-container\">\n\t\t\t\t\t\t\t\t\t\t\t\t\t\t\t<img decoding=\"async\" src=\"https:\/\/www.ssi-po.sk\/wp-content\/uploads\/elementor\/thumbs\/DSC_0355-1-scaled-q6fb3sv9rmjws8haw6ui8s8iha2q43kunyechrkfyc.jpg\" title=\"DSC_0355\" alt=\"DSC_0355\" loading=\"lazy\" \/>\t\t\t\t\t\t\t\t\t\t\t\t\t\t\t<\/div>\n\t\t\t\t<\/div>\n\t\t\t\t\t<\/div>\n\t\t<\/div>\n\t\t\t\t\t\t\t<\/div>\n\t\t<\/section>\n\t\t\t\t<section class=\"elementor-section elementor-top-section elementor-element elementor-element-d92dec1 elementor-section-boxed elementor-section-height-default elementor-section-height-default\" data-id=\"d92dec1\" data-element_type=\"section\">\n\t\t\t\t\t\t<div class=\"elementor-container elementor-column-gap-default\">\n\t\t\t\t\t<div class=\"elementor-column elementor-col-100 elementor-top-column elementor-element elementor-element-a3896bc\" data-id=\"a3896bc\" data-element_type=\"column\">\n\t\t\t<div class=\"elementor-widget-wrap elementor-element-populated\">\n\t\t\t\t\t\t\t\t<div class=\"elementor-element elementor-element-26e6a6a elementor-widget elementor-widget-heading\" data-id=\"26e6a6a\" data-element_type=\"widget\" data-widget_type=\"heading.default\">\n\t\t\t\t<div class=\"elementor-widget-container\">\n\t\t\t<h2 class=\"elementor-heading-title elementor-size-default\">S\u00fakromn\u00fd \u0161kolsk\u00fd intern\u00e1t<\/h2>\t\t<\/div>\n\t\t\t\t<\/div>\n\t\t\t\t<div class=\"elementor-element elementor-element-d78dbe7 elementor-widget elementor-widget-text-editor\" data-id=\"d78dbe7\" data-element_type=\"widget\" data-widget_type=\"text-editor.default\">\n\t\t\t\t<div class=\"elementor-widget-container\">\n\t\t\t\t\t\t\t<p><span style=\"font-weight: 400;\">\u0160kolsk\u00fd intern\u00e1t je neoddelite\u013enou s\u00fa\u010das\u0165ou v\u00fdchovno-vzdel\u00e1vacieho syst\u00e9mu so svoj\u00edm \u0161pecifick\u00fdm postaven\u00edm, \u00falohami a\u00a0cie\u013emi. P\u00f4sobenie pedagogick\u00fdch zamestnancov na \u017eiakov je zameran\u00e9 na roz\u0161irovanie a\u00a0prehlbovanie \u017eiackych vedomost\u00ed, rozv\u00edjanie z\u00e1ujmov, aktiv\u00edt, rozvoj samostatnosti, usmer\u0148ovanie pri vyu\u017e\u00edvan\u00ed vo\u013en\u00e9ho \u010dasu.<\/span><\/p>\n<p><span style=\"font-weight: 400;\">S\u00fakromn\u00fd \u0161kolsk\u00fd intern\u00e1t poskytuje v\u00fdchovno-vzdel\u00e1vaciu starostlivos\u0165, ubytovanie a\u00a0stravovanie \u017eiakom stredn\u00fdch \u0161k\u00f4l. Ubytovacia kapacita n\u00e1\u0161ho intern\u00e1tu je 540 miest. \u017diaci maj\u00fa mo\u017enos\u0165 v\u00a0\u010dase mimo vyu\u010dovania vyu\u017e\u00edva\u0165 12 \u0161tudovn\u00ed, 9 spolo\u010densk\u00fdch miestnost\u00ed, 3 kuchynky, 2 posil\u0148ovne, multifunk\u010dn\u00fa po\u010d\u00edta\u010dov\u00fa miestnos\u0165 s\u00a0pripojen\u00edm na internet, biliardov\u00fa miestnos\u0165, stolnotenisov\u00fa miestnos\u0165, kni\u017enicu s\u00a0bohat\u00fdm kni\u017en\u00fdm fondom a\u00a0\u010dit\u00e1r\u0148ou. K\u00a0\u0161portov\u00e9mu vy\u017eitiu \u017eiakov sl\u00fa\u017ei aj pri\u013eahl\u00fd are\u00e1l \u0161kolsk\u00e9ho intern\u00e1tu vhodn\u00fd na r\u00f4zne \u0161portov\u00e9 aktivity. S\u00fa\u010das\u0165ou intern\u00e1tu je vlastn\u00e1 \u0161kolsk\u00e1 jed\u00e1le\u0148 s\u00a0mo\u017enos\u0165ou elektronick\u00e9ho objedn\u00e1vania stravy.<\/span><\/p>\n<p><span style=\"font-weight: 400;\">Organiz\u00e1ciu \u017eivota \u017eiakov v\u00a0\u0160I upravuje vn\u00fatorn\u00fd poriadok, ktor\u00fd je z\u00e1v\u00e4zn\u00fd pre v\u0161etk\u00fdch ubytovan\u00fdch. Vyd\u00e1va ho riadite\u013eka \u0161kolsk\u00e9ho intern\u00e1tu po prerokovan\u00ed so svojimi poradn\u00fdmi org\u00e1nmi-pedagogickou radou a\u00a0\u017eiackou samospr\u00e1vou.\u00a0<\/span><\/p>\n<p><span style=\"font-weight: 400;\">V\u00fdchovno-vzdel\u00e1vacia \u010dinnos\u0165 so \u017eiakmi sa realizuje v\u00a0oblastiach:<\/span><\/p>\n<ol>\n<li><span style=\"font-weight: 400;\">a) spolo\u010densko-vednej<\/span><\/li>\n<li><span style=\"font-weight: 400;\">b) kult\u00farno-v\u00fdchovnej<\/span><\/li>\n<li><span style=\"font-weight: 400;\">c) technicko-vzdel\u00e1vacej<\/span><\/li>\n<li><span style=\"font-weight: 400;\">d) telov\u00fdchovno-zdravotnej<\/span><\/li>\n<\/ol>\n<p>\u00a0<\/p>\n<p><span style=\"font-weight: 400;\">Aktivity v\u00a0jednotliv\u00fdch oblastiach sa navz\u00e1jom prel\u00ednaj\u00fa a\u00a0dop\u013a\u0148aj\u00fa. S\u00fa realizovan\u00e9 na z\u00e1klade princ\u00edpov dobrovo\u013enosti so \u0161irokou ponukou z\u00e1ujmov\u00fdch, vzdel\u00e1vac\u00edch a\u00a0relaxa\u010dn\u00fdch \u010dinnost\u00ed. D\u00f4raz kladieme na vytv\u00e1ranie vhodn\u00fdch \u017eivotn\u00fdch a\u00a0pracovn\u00fdch podmienok, aby \u017eiaci mali pocit istoty a\u00a0bezpe\u010dia.<\/span><\/p>\t\t\t\t\t\t<\/div>\n\t\t\t\t<\/div>\n\t\t\t\t<div class=\"elementor-element elementor-element-5f1d100 elementor-widget elementor-widget-heading\" data-id=\"5f1d100\" data-element_type=\"widget\" data-widget_type=\"heading.default\">\n\t\t\t\t<div class=\"elementor-widget-container\">\n\t\t\t<h2 class=\"elementor-heading-title elementor-size-default\">Penzi\u00f3n<\/h2>\t\t<\/div>\n\t\t\t\t<\/div>\n\t\t\t\t<div class=\"elementor-element elementor-element-d3d7680 elementor-widget elementor-widget-text-editor\" data-id=\"d3d7680\" data-element_type=\"widget\" data-widget_type=\"text-editor.default\">\n\t\t\t\t<div class=\"elementor-widget-container\">\n\t\t\t\t\t\t\t<p>Organiz\u00e1ciu \u017eivota \u017eiakov v \u0160I upravuje vn\u00fatorn\u00fd poriadok, ktor\u00fd je z\u00e1v\u00e4zn\u00fd pre v\u0161etk\u00fdch ubytovan\u00fdch. Vyd\u00e1va ho riadite\u013eka \u0161kolsk\u00e9ho intern\u00e1tu po prerokovan\u00ed so svojimi poradn\u00fdmi org\u00e1nmi-pedagogickou radou a \u017eiackou samospr\u00e1vou.\u00a0<\/p><p>V\u00fdchovno-vzdel\u00e1vacia \u010dinnos\u0165 so \u017eiakmi sa realizuje v oblastiach:<\/p><ul><li>a) spolo\u010densko-vednej<\/li><li>b) kult\u00farno-v\u00fdchovnej<\/li><li>c) technicko-vzdel\u00e1vacej<\/li><li>d) telov\u00fdchovno-zdravotnej<\/li><\/ul><p>Aktivity v jednotliv\u00fdch oblastiach sa navz\u00e1jom prel\u00ednaj\u00fa a dop\u013a\u0148aj\u00fa. S\u00fa realizovan\u00e9 na z\u00e1klade princ\u00edpov dobrovo\u013enosti so \u0161irokou ponukou z\u00e1ujmov\u00fdch, vzdel\u00e1vac\u00edch a relaxa\u010dn\u00fdch \u010dinnost\u00ed. D\u00f4raz kladieme na vytv\u00e1ranie vhodn\u00fdch \u017eivotn\u00fdch a pracovn\u00fdch podmienok, aby \u017eiaci mali pocit istoty a bezpe\u010dia<\/p>\t\t\t\t\t\t<\/div>\n\t\t\t\t<\/div>\n\t\t\t\t\t<\/div>\n\t\t<\/div>\n\t\t\t\t\t\t\t<\/div>\n\t\t<\/section>\n\t\t\t\t\t\t\t<\/div>\n\t\t","protected":false},"excerpt":{"rendered":"<p>S\u00fakromn\u00fd \u0161kolsk\u00fd intern\u00e1t Na stiahnutie Prihl\u00e1\u0161ka na obedy 2025-2026 &#8211; STIAHN\u00da\u0164 Prihl\u00e1\u0161ka na stravovanie 2025-2026 &#8211; STIAHN\u00da\u0164 \u017diados\u0165 o prijatie do \u0161kolsk\u00e9ho intern\u00e1tu &#8211; STIAHN\u00da\u0164 Penzi\u00f3n Cenn\u00edk izba 4 -poste\u013eov\u00e1 10,00 eur osoba\/ noc apartm\u00e1n 1 izbov\u00fd 13,00 eur osoba\/noc 2-izbov\u00fd apartm\u00e1n 15,00 eur osoba\/noc miestna da\u0148 za ubytovanie 2,20 eur osoba\/noc Vitajte na ofici\u00e1lnej [&hellip;]<\/p>\n","protected":false},"author":1,"featured_media":0,"parent":0,"menu_order":0,"comment_status":"open","ping_status":"open","template":"page-templates\/pagebuilder.php","meta":{"_mi_skip_tracking":false},"yoast_head":"<!-- This site is optimized with the Yoast SEO plugin v20.7 - https:\/\/yoast.com\/wordpress\/plugins\/seo\/ -->\n<title>Home - S\u00fakromn\u00fd \u0161kolsk\u00fd intern\u00e1t a Penzion . Sabinovsk\u00e1 2, Pre\u0161ov<\/title>\n<meta name=\"robots\" content=\"index, follow, max-snippet:-1, max-image-preview:large, max-video-preview:-1\" \/>\n<link rel=\"canonical\" href=\"https:\/\/www.ssi-po.sk\/\" \/>\n<meta property=\"og:locale\" content=\"sk_SK\" \/>\n<meta property=\"og:type\" content=\"article\" \/>\n<meta property=\"og:title\" content=\"Home - S\u00fakromn\u00fd \u0161kolsk\u00fd intern\u00e1t a Penzion . Sabinovsk\u00e1 2, Pre\u0161ov\" \/>\n<meta property=\"og:description\" content=\"S\u00fakromn\u00fd \u0161kolsk\u00fd intern\u00e1t Na stiahnutie Prihl\u00e1\u0161ka na obedy 2025-2026 &#8211; STIAHN\u00da\u0164 Prihl\u00e1\u0161ka na stravovanie 2025-2026 &#8211; STIAHN\u00da\u0164 \u017diados\u0165 o prijatie do \u0161kolsk\u00e9ho intern\u00e1tu &#8211; STIAHN\u00da\u0164 Penzi\u00f3n Cenn\u00edk izba 4 -poste\u013eov\u00e1 10,00 eur osoba\/ noc apartm\u00e1n 1 izbov\u00fd 13,00 eur osoba\/noc 2-izbov\u00fd apartm\u00e1n 15,00 eur osoba\/noc miestna da\u0148 za ubytovanie 2,20 eur osoba\/noc Vitajte na ofici\u00e1lnej [&hellip;]\" \/>\n<meta property=\"og:url\" content=\"https:\/\/www.ssi-po.sk\/\" \/>\n<meta property=\"og:site_name\" content=\"S\u00fakromn\u00fd \u0161kolsk\u00fd intern\u00e1t a Penzion . Sabinovsk\u00e1 2, Pre\u0161ov\" \/>\n<meta property=\"article:modified_time\" content=\"2025-05-05T12:34:58+00:00\" \/>\n<meta property=\"og:image\" content=\"https:\/\/www.ssi-po.sk\/wp-content\/uploads\/elementor\/thumbs\/internat-scaled-q6faxz99fkkyv6xrw68par4q0crvflgpj4x2h278hw.jpg\" \/>\n<meta name=\"twitter:card\" content=\"summary_large_image\" \/>\n<meta name=\"twitter:label1\" content=\"Predpokladan\u00fd \u010das \u010d\u00edtania\" \/>\n\t<meta name=\"twitter:data1\" content=\"4 min\u00faty\" \/>\n<script type=\"application\/ld+json\" class=\"yoast-schema-graph\">{\"@context\":\"https:\/\/schema.org\",\"@graph\":[{\"@type\":\"WebPage\",\"@id\":\"https:\/\/www.ssi-po.sk\/\",\"url\":\"https:\/\/www.ssi-po.sk\/\",\"name\":\"Home - S\u00fakromn\u00fd \u0161kolsk\u00fd intern\u00e1t a Penzion . Sabinovsk\u00e1 2, Pre\u0161ov\",\"isPartOf\":{\"@id\":\"https:\/\/www.ssi-po.sk\/#website\"},\"datePublished\":\"2023-05-13T22:51:41+00:00\",\"dateModified\":\"2025-05-05T12:34:58+00:00\",\"breadcrumb\":{\"@id\":\"https:\/\/www.ssi-po.sk\/#breadcrumb\"},\"inLanguage\":\"sk-SK\",\"potentialAction\":[{\"@type\":\"ReadAction\",\"target\":[\"https:\/\/www.ssi-po.sk\/\"]}]},{\"@type\":\"BreadcrumbList\",\"@id\":\"https:\/\/www.ssi-po.sk\/#breadcrumb\",\"itemListElement\":[{\"@type\":\"ListItem\",\"position\":1,\"name\":\"Home\",\"item\":\"https:\/\/www.ssi-po.sk\/\"},{\"@type\":\"ListItem\",\"position\":2,\"name\":\"Home\"}]},{\"@type\":\"WebSite\",\"@id\":\"https:\/\/www.ssi-po.sk\/#website\",\"url\":\"https:\/\/www.ssi-po.sk\/\",\"name\":\"S\u00fakromn\u00fd \u0161kolsk\u00fd intern\u00e1t a Penzion . Sabinovsk\u00e1 2, Pre\u0161ov\",\"description\":\"S\u00fakromn\u00fd \u0161kolsk\u00fd intern\u00e1t - Pre\u0161ov - Sabinovsk\u00e1 2\",\"publisher\":{\"@id\":\"https:\/\/www.ssi-po.sk\/#organization\"},\"potentialAction\":[{\"@type\":\"SearchAction\",\"target\":{\"@type\":\"EntryPoint\",\"urlTemplate\":\"https:\/\/www.ssi-po.sk\/?s={search_term_string}\"},\"query-input\":\"required name=search_term_string\"}],\"inLanguage\":\"sk-SK\"},{\"@type\":\"Organization\",\"@id\":\"https:\/\/www.ssi-po.sk\/#organization\",\"name\":\"S\u00fakromn\u00fd \u0161kolsk\u00fd intern\u00e1t a Penzion . Sabinovsk\u00e1 2, Pre\u0161ov\",\"url\":\"https:\/\/www.ssi-po.sk\/\",\"logo\":{\"@type\":\"ImageObject\",\"inLanguage\":\"sk-SK\",\"@id\":\"https:\/\/www.ssi-po.sk\/#\/schema\/logo\/image\/\",\"url\":\"https:\/\/www.ssi-po.sk\/wp-content\/uploads\/2023\/05\/cropped-1ssilogo.jpg\",\"contentUrl\":\"https:\/\/www.ssi-po.sk\/wp-content\/uploads\/2023\/05\/cropped-1ssilogo.jpg\",\"width\":250,\"height\":89,\"caption\":\"S\u00fakromn\u00fd \u0161kolsk\u00fd intern\u00e1t a Penzion . Sabinovsk\u00e1 2, Pre\u0161ov\"},\"image\":{\"@id\":\"https:\/\/www.ssi-po.sk\/#\/schema\/logo\/image\/\"}}]}<\/script>\n<!-- \/ Yoast SEO plugin. -->","yoast_head_json":{"title":"Home - S\u00fakromn\u00fd \u0161kolsk\u00fd intern\u00e1t a Penzion . Sabinovsk\u00e1 2, Pre\u0161ov","robots":{"index":"index","follow":"follow","max-snippet":"max-snippet:-1","max-image-preview":"max-image-preview:large","max-video-preview":"max-video-preview:-1"},"canonical":"https:\/\/www.ssi-po.sk\/","og_locale":"sk_SK","og_type":"article","og_title":"Home - S\u00fakromn\u00fd \u0161kolsk\u00fd intern\u00e1t a Penzion . Sabinovsk\u00e1 2, Pre\u0161ov","og_description":"S\u00fakromn\u00fd \u0161kolsk\u00fd intern\u00e1t Na stiahnutie Prihl\u00e1\u0161ka na obedy 2025-2026 &#8211; STIAHN\u00da\u0164 Prihl\u00e1\u0161ka na stravovanie 2025-2026 &#8211; STIAHN\u00da\u0164 \u017diados\u0165 o prijatie do \u0161kolsk\u00e9ho intern\u00e1tu &#8211; STIAHN\u00da\u0164 Penzi\u00f3n Cenn\u00edk izba 4 -poste\u013eov\u00e1 10,00 eur osoba\/ noc apartm\u00e1n 1 izbov\u00fd 13,00 eur osoba\/noc 2-izbov\u00fd apartm\u00e1n 15,00 eur osoba\/noc miestna da\u0148 za ubytovanie 2,20 eur osoba\/noc Vitajte na ofici\u00e1lnej [&hellip;]","og_url":"https:\/\/www.ssi-po.sk\/","og_site_name":"S\u00fakromn\u00fd \u0161kolsk\u00fd intern\u00e1t a Penzion . Sabinovsk\u00e1 2, Pre\u0161ov","article_modified_time":"2025-05-05T12:34:58+00:00","og_image":[{"url":"https:\/\/www.ssi-po.sk\/wp-content\/uploads\/elementor\/thumbs\/internat-scaled-q6faxz99fkkyv6xrw68par4q0crvflgpj4x2h278hw.jpg"}],"twitter_card":"summary_large_image","twitter_misc":{"Predpokladan\u00fd \u010das \u010d\u00edtania":"4 min\u00faty"},"schema":{"@context":"https:\/\/schema.org","@graph":[{"@type":"WebPage","@id":"https:\/\/www.ssi-po.sk\/","url":"https:\/\/www.ssi-po.sk\/","name":"Home - S\u00fakromn\u00fd \u0161kolsk\u00fd intern\u00e1t a Penzion . Sabinovsk\u00e1 2, Pre\u0161ov","isPartOf":{"@id":"https:\/\/www.ssi-po.sk\/#website"},"datePublished":"2023-05-13T22:51:41+00:00","dateModified":"2025-05-05T12:34:58+00:00","breadcrumb":{"@id":"https:\/\/www.ssi-po.sk\/#breadcrumb"},"inLanguage":"sk-SK","potentialAction":[{"@type":"ReadAction","target":["https:\/\/www.ssi-po.sk\/"]}]},{"@type":"BreadcrumbList","@id":"https:\/\/www.ssi-po.sk\/#breadcrumb","itemListElement":[{"@type":"ListItem","position":1,"name":"Home","item":"https:\/\/www.ssi-po.sk\/"},{"@type":"ListItem","position":2,"name":"Home"}]},{"@type":"WebSite","@id":"https:\/\/www.ssi-po.sk\/#website","url":"https:\/\/www.ssi-po.sk\/","name":"S\u00fakromn\u00fd \u0161kolsk\u00fd intern\u00e1t a Penzion . Sabinovsk\u00e1 2, Pre\u0161ov","description":"S\u00fakromn\u00fd \u0161kolsk\u00fd intern\u00e1t - Pre\u0161ov - Sabinovsk\u00e1 2","publisher":{"@id":"https:\/\/www.ssi-po.sk\/#organization"},"potentialAction":[{"@type":"SearchAction","target":{"@type":"EntryPoint","urlTemplate":"https:\/\/www.ssi-po.sk\/?s={search_term_string}"},"query-input":"required name=search_term_string"}],"inLanguage":"sk-SK"},{"@type":"Organization","@id":"https:\/\/www.ssi-po.sk\/#organization","name":"S\u00fakromn\u00fd \u0161kolsk\u00fd intern\u00e1t a Penzion . Sabinovsk\u00e1 2, Pre\u0161ov","url":"https:\/\/www.ssi-po.sk\/","logo":{"@type":"ImageObject","inLanguage":"sk-SK","@id":"https:\/\/www.ssi-po.sk\/#\/schema\/logo\/image\/","url":"https:\/\/www.ssi-po.sk\/wp-content\/uploads\/2023\/05\/cropped-1ssilogo.jpg","contentUrl":"https:\/\/www.ssi-po.sk\/wp-content\/uploads\/2023\/05\/cropped-1ssilogo.jpg","width":250,"height":89,"caption":"S\u00fakromn\u00fd \u0161kolsk\u00fd intern\u00e1t a Penzion . Sabinovsk\u00e1 2, Pre\u0161ov"},"image":{"@id":"https:\/\/www.ssi-po.sk\/#\/schema\/logo\/image\/"}}]}},"_links":{"self":[{"href":"https:\/\/www.ssi-po.sk\/index.php?rest_route=\/wp\/v2\/pages\/460"}],"collection":[{"href":"https:\/\/www.ssi-po.sk\/index.php?rest_route=\/wp\/v2\/pages"}],"about":[{"href":"https:\/\/www.ssi-po.sk\/index.php?rest_route=\/wp\/v2\/types\/page"}],"author":[{"embeddable":true,"href":"https:\/\/www.ssi-po.sk\/index.php?rest_route=\/wp\/v2\/users\/1"}],"replies":[{"embeddable":true,"href":"https:\/\/www.ssi-po.sk\/index.php?rest_route=%2Fwp%2Fv2%2Fcomments&post=460"}],"version-history":[{"count":6,"href":"https:\/\/www.ssi-po.sk\/index.php?rest_route=\/wp\/v2\/pages\/460\/revisions"}],"predecessor-version":[{"id":991,"href":"https:\/\/www.ssi-po.sk\/index.php?rest_route=\/wp\/v2\/pages\/460\/revisions\/991"}],"wp:attachment":[{"href":"https:\/\/www.ssi-po.sk\/index.php?rest_route=%2Fwp%2Fv2%2Fmedia&parent=460"}],"curies":[{"name":"wp","href":"https:\/\/api.w.org\/{rel}","templated":true}]}}